{"id":24,"date":"2020-09-25T15:49:13","date_gmt":"2020-09-25T18:49:13","guid":{"rendered":"http:\/\/grupobarcelosecia.com.br\/barcelosatacadista.com.br\/?page_id=24"},"modified":"2020-10-02T16:00:49","modified_gmt":"2020-10-02T19:00:49","slug":"clube-elos","status":"publish","type":"page","link":"http:\/\/grupobarcelosecia.com.br\/barcelosatacadista.com.br\/clube-elos\/","title":{"rendered":"Clube Elos"},"content":{"rendered":"<h1>Fa\u00e7a parte do<\/h1>\n<h1>Clube Elos<\/h1>\n<hr>\n<h1>Quer ainda mais ofertas e pre\u00e7os bons? Fa\u00e7a parte do Clube Elos e aproveite benef\u00edcios incr\u00edveis!<\/h1>\n<h1>O grupo Barcelos tem uma novidade pra voc\u00ea: o Clube Elos! Um programa de vantagens totalmente gratuito e exclusivo! Cadastre-se agora e participe!<\/h1>\n<hr>\n<h1>Veja como \u00e9 f\u00e1cil se cadastrar:<\/h1>\n<ul>\n<li>\n<div>\n<p><strong>1)<\/strong> Acesse e cadastre-se no Portal do Cliente Elos. <a href=\"https:\/\/elos.izio.com.br\/PortalCliente\/\" target=\"_blank\" rel=\"noopener\">Clique aqui para acessar.<\/a><\/p>\n<\/div>\n<\/li>\n<li>\n<div>\n<p><strong>2)<\/strong> Preencha o formul\u00e1rio com seus dados.<\/p>\n<\/div>\n<\/li>\n<li>\n<div>\n<p><strong>3)<\/strong> Escolha a forma de valida\u00e7\u00e3o de seus dados por SMS ou email. Voc\u00ea receber\u00e1 um c\u00f3digo de acordo com a forma escolhida.<\/p>\n<\/div>\n<\/li>\n<li>\n<div>\n<p><strong>4)<\/strong> Insira o c\u00f3digo recebido e na sequ\u00eancia cadastre sua senha.<\/p>\n<\/div>\n<\/li>\n<li>\n<div>\n<p><strong>5)<\/strong> Parab\u00e9ns, voc\u00ea j\u00e1 faz parte do Clube de Vantagem Elos!<\/p>\n<\/div>\n<\/li>\n<\/ul>\n<p>\n    <a href=\"https:\/\/elos.izio.com.br\/PortalCliente\/\">Cadastre-se agora<\/a>\n<\/p>\n<hr>\n<h1>Cadastre sua carteira digital para ganhar cashback:<\/h1>\n<ul>\n<li>\n<div>\n<p><strong>1) <\/strong>Para receber cashback n\u00e3o esque\u00e7a de conectar sua carteira digital. Para isso basta clicar no bot\u00e3o CONECTAR no canto inferior da tela.<\/p>\n<\/div>\n<\/li>\n<li>\n<div>\n<p><strong>2) <\/strong>Confira seus dados e insira sua senha com 6 d\u00edgitos. Essa ser\u00e1 a senha que voc\u00ea utilizar\u00e1 no caixa para pagar suas contas com os cr\u00e9ditos acumulados.<\/p>\n<\/div>\n<\/li>\n<li>\n<div>\n<p><strong>3) <\/strong>Valide sua conta cashback atrav\u00e9s do email ou SMS.<\/p>\n<\/div>\n<\/li>\n<li>\n<div>\n<p><strong>4) <\/strong>Parab\u00e9ns, sua carteira digital est\u00e1 habilitada!!<\/p>\n<\/div>\n<\/li>\n<\/ul>\n<div>\n<p>        <img decoding=\"async\" src=\"\/wp-content\/uploads\/2020\/09\/logo-clube-elos-branco-e-colorido.png\" alt=\"\"><\/p>\n<h3>Programa de vantagens<\/h3>\n<p><a href=\"https:\/\/elos.izio.com.br\/PortalCliente\/\">Cadastre-se<\/a><\/p>\n<\/div>\n<div>\n<h3>Benef\u00edcios:<\/h3>\n<div>\n<ul class=\"uk-list uk-list-striped uk-list-large\">\n<li><span uk-icon=\"icon: check\"><\/span> Participe de promo\u00e7\u00f5es exclusivas;<\/li>\n<li><span uk-icon=\"icon: check\"><\/span> Receba ofertas do elos pelo portal do cliente, email, sms ou whatsapp antes de todo mundo;<\/li>\n<li><span uk-icon=\"icon: check\"><\/span> Receba parte do dinheiro de volta com cashback para utilizar nas pr\u00f3ximas compras;<\/li>\n<li><span uk-icon=\"icon: check\"><\/span> Receba ofertas direcionadas especialmente para voc\u00ea, com base nas sess\u00f5es que mais te interessam;<\/li>\n<li><span uk-icon=\"icon: check\"><\/span> Participe de sorteios exclusivos para clientes Elos.<\/li>\n<\/ul>\n<\/div>\n<\/div>\n<h1>D\u00favida? Entre em contato!<\/h1>\n<p>\n    <a href=\"#\">Mande uma mensagem<\/a>\n<\/p>\n<p><!-- {\"type\":\"layout\",\"children\":[{\"type\":\"section\",\"props\":{\"style\":\"default\",\"width\":\"small\",\"vertical_align\":\"middle\",\"title_position\":\"top-left\",\"title_rotation\":\"left\",\"title_breakpoint\":\"xl\",\"image_position\":\"center-center\",\"text_color\":\"\",\"width_expand\":\"\",\"height\":\"\",\"padding\":\"\",\"header_transparent\":\"\",\"animation\":\"slide-top-small\",\"image\":\"wp-content\\\/uploads\\\/2020\\\/10\\\/barcelos-header-ofertas.jpg\",\"image_size\":\"\",\"image_effect\":\"parallax\",\"image_parallax_breakpoint\":\"\",\"image_visibility\":\"\",\"video_width\":\"\",\"video_height\":\"\",\"media_blend_mode\":\"luminosity\",\"media_background\":\"#01204B\",\"media_overlay\":\"rgba(0, 47, 108, 0.92)\",\"image_parallax_bgy_start\":\"-50\",\"image_parallax_bgy_end\":\"50\",\"image_parallax_easing\":\"1\",\"animation_delay\":true},\"children\":[{\"type\":\"row\",\"props\":{\"layout\":\"1-1\",\"breakpoint\":\"m\",\"fixed_width\":\"large\",\"column_gap\":\"\",\"row_gap\":\"\",\"width\":\"\",\"width_expand\":\"\",\"height\":\"\",\"margin\":\"\"},\"children\":[{\"type\":\"column\",\"props\":{\"image_position\":\"center-center\",\"media_overlay_gradient\":\"\",\"vertical_align\":\"\",\"style\":\"\",\"text_color\":\"\",\"padding\":\"\"},\"children\":[{\"type\":\"headline\",\"props\":{\"title_element\":\"h1\",\"title_style\":\"h2\",\"title_decoration\":\"\",\"title_font_family\":\"\",\"title_color\":\"primary\",\"position\":\"\",\"position_z_index\":\"\",\"margin\":\"\",\"maxwidth\":\"\",\"maxwidth_breakpoint\":\"\",\"block_align\":\"\",\"block_align_breakpoint\":\"\",\"block_align_fallback\":\"\",\"text_align\":\"center\",\"text_align_breakpoint\":\"\",\"text_align_fallback\":\"\",\"animation\":\"\",\"visibility\":\"\",\"content\":\"Fa\\u00e7a parte do\",\"margin_remove_top\":false,\"class\":\"\",\"margin_remove_bottom\":true}},{\"type\":\"headline\",\"props\":{\"title_element\":\"h1\",\"title_style\":\"heading-small\",\"title_decoration\":\"\",\"title_font_family\":\"\",\"title_color\":\"\",\"position\":\"\",\"position_z_index\":\"\",\"margin\":\"\",\"maxwidth\":\"\",\"maxwidth_breakpoint\":\"\",\"block_align\":\"\",\"block_align_breakpoint\":\"\",\"block_align_fallback\":\"\",\"text_align\":\"center\",\"text_align_breakpoint\":\"\",\"text_align_fallback\":\"\",\"animation\":\"\",\"visibility\":\"\",\"content\":\"Clube Elos\",\"margin_remove_top\":true,\"class\":\"uk-light\"}},{\"type\":\"divider\",\"props\":{\"divider_element\":\"hr\",\"divider_style\":\"icon\",\"divider_align\":\"\",\"divider_align_breakpoint\":\"\",\"divider_align_fallback\":\"\",\"position\":\"\",\"position_z_index\":\"\",\"margin\":\"\",\"maxwidth\":\"\",\"maxwidth_breakpoint\":\"\",\"block_align\":\"\",\"block_align_breakpoint\":\"\",\"block_align_fallback\":\"\",\"animation\":\"\",\"visibility\":\"\"}},{\"type\":\"headline\",\"props\":{\"title_element\":\"h1\",\"title_style\":\"h4\",\"title_decoration\":\"\",\"title_font_family\":\"secondary\",\"title_color\":\"\",\"position\":\"\",\"position_z_index\":\"\",\"margin\":\"\",\"maxwidth\":\"\",\"maxwidth_breakpoint\":\"\",\"block_align\":\"\",\"block_align_breakpoint\":\"\",\"block_align_fallback\":\"\",\"text_align\":\"center\",\"text_align_breakpoint\":\"\",\"text_align_fallback\":\"\",\"animation\":\"\",\"visibility\":\"\",\"content\":\"Quer ainda mais ofertas e pre\\u00e7os bons? Fa\\u00e7a parte do Clube Elos e aproveite benef\\u00edcios incr\\u00edveis!\",\"class\":\"uk-light\"}}]}]}],\"name\":\"HEADER PAGINAS INTERNAS\"},{\"type\":\"section\",\"props\":{\"style\":\"default\",\"width\":\"default\",\"vertical_align\":\"middle\",\"title_position\":\"top-left\",\"title_rotation\":\"left\",\"title_breakpoint\":\"xl\",\"image_position\":\"center-center\",\"text_color\":\"\",\"width_expand\":\"\",\"height\":\"\",\"padding\":\"large\",\"header_transparent\":\"\",\"animation\":\"slide-top-small\",\"animation_delay\":true},\"children\":[{\"type\":\"row\",\"props\":{\"layout\":\"2-3,1-3\",\"breakpoint\":\"m\",\"fixed_width\":\"large\",\"column_gap\":\"large\",\"row_gap\":\"\",\"width\":\"\",\"width_expand\":\"\",\"height\":\"\",\"margin\":\"\",\"order_last\":false},\"children\":[{\"type\":\"column\",\"props\":{\"image_position\":\"center-center\",\"media_overlay_gradient\":\"\",\"vertical_align\":\"\",\"style\":\"\",\"text_color\":\"\",\"padding\":\"\"},\"children\":[{\"type\":\"headline\",\"props\":{\"title_element\":\"h1\",\"title_style\":\"h3\",\"title_decoration\":\"\",\"title_font_family\":\"\",\"title_color\":\"background\",\"position\":\"\",\"position_z_index\":\"\",\"margin\":\"\",\"maxwidth\":\"\",\"maxwidth_breakpoint\":\"\",\"block_align\":\"\",\"block_align_breakpoint\":\"\",\"block_align_fallback\":\"\",\"text_align\":\"\",\"text_align_breakpoint\":\"\",\"text_align_fallback\":\"\",\"animation\":\"\",\"visibility\":\"\",\"content\":\"O grupo Barcelos tem uma novidade pra voc\\u00ea: o Clube Elos! Um programa de vantagens totalmente gratuito e exclusivo! Cadastre-se agora e participe!\"}},{\"type\":\"divider\",\"props\":{\"divider_element\":\"hr\",\"divider_style\":\"small\",\"divider_align\":\"left\",\"divider_align_breakpoint\":\"\",\"divider_align_fallback\":\"\",\"position\":\"\",\"position_z_index\":\"\",\"margin\":\"large\",\"maxwidth\":\"\",\"maxwidth_breakpoint\":\"\",\"block_align\":\"\",\"block_align_breakpoint\":\"\",\"block_align_fallback\":\"\",\"animation\":\"\",\"visibility\":\"\",\"margin_remove_bottom\":true}},{\"type\":\"headline\",\"props\":{\"title_element\":\"h1\",\"title_style\":\"h3\",\"title_decoration\":\"\",\"title_font_family\":\"\",\"title_color\":\"\",\"position\":\"\",\"position_z_index\":\"\",\"margin\":\"\",\"maxwidth\":\"\",\"maxwidth_breakpoint\":\"\",\"block_align\":\"\",\"block_align_breakpoint\":\"\",\"block_align_fallback\":\"\",\"text_align\":\"\",\"text_align_breakpoint\":\"\",\"text_align_fallback\":\"\",\"animation\":\"\",\"visibility\":\"\",\"content\":\"Veja como \\u00e9 f\\u00e1cil se cadastrar:\"}},{\"type\":\"list\",\"props\":{\"show_image\":true,\"show_link\":true,\"image_svg_color\":\"emphasis\",\"image_align\":\"left\",\"image_vertical_align\":true,\"list_style\":\"striped\",\"content_style\":\"\",\"image_border\":\"\",\"icon_color\":\"\",\"link_style\":\"\",\"position\":\"\",\"position_z_index\":\"\",\"margin\":\"\",\"maxwidth\":\"\",\"maxwidth_breakpoint\":\"\",\"block_align\":\"\",\"block_align_breakpoint\":\"\",\"block_align_fallback\":\"\",\"text_align\":\"\",\"text_align_breakpoint\":\"\",\"text_align_fallback\":\"\",\"animation\":\"\",\"visibility\":\"\"},\"children\":[{\"type\":\"list_item\",\"props\":{\"icon_color\":\"\",\"content\":\"\n\n<p><strong>1)<\\\/strong> Acesse e cadastre-se no Portal do Cliente Elos. <a href=\\\"https:\\\/\\\/elos.izio.com.br\\\/PortalCliente\\\/\\\" target=\\\"_blank\\\" rel=\\\"noopener\\\">Clique aqui para acessar.<\\\/a><\\\/p>\"}},{\"type\":\"list_item\",\"props\":{\"icon_color\":\"\",\"content\":\"\n\n<p><strong>2)<\\\/strong> Preencha o formul\\u00e1rio com seus dados.<\\\/p>\"}},{\"type\":\"list_item\",\"props\":{\"icon_color\":\"\",\"content\":\"\n\n<p><strong>3)<\\\/strong> Escolha a forma de valida\\u00e7\\u00e3o de seus dados por SMS ou email. Voc\\u00ea receber\\u00e1 um c\\u00f3digo de acordo com a forma escolhida.<\\\/p>\"}},{\"type\":\"list_item\",\"props\":{\"icon_color\":\"\",\"content\":\"\n\n<p><strong>4)<\\\/strong> Insira o c\\u00f3digo recebido e na sequ\\u00eancia cadastre sua senha.<\\\/p>\"}},{\"type\":\"list_item\",\"props\":{\"icon_color\":\"\",\"content\":\"\n\n<p><strong>5)<\\\/strong> Parab\\u00e9ns, voc\\u00ea j\\u00e1 faz parte do Clube de Vantagem Elos!<\\\/p>\"}}]},{\"type\":\"button\",\"props\":{\"grid_column_gap\":\"small\",\"grid_row_gap\":\"small\",\"margin\":\"default\",\"button_size\":\"\",\"position\":\"\",\"position_z_index\":\"\",\"maxwidth\":\"\",\"maxwidth_breakpoint\":\"\",\"block_align\":\"\",\"block_align_breakpoint\":\"\",\"block_align_fallback\":\"\",\"text_align\":\"\",\"text_align_breakpoint\":\"\",\"text_align_fallback\":\"\",\"animation\":\"\",\"visibility\":\"\"},\"children\":[{\"type\":\"button_item\",\"props\":{\"button_style\":\"primary\",\"icon_align\":\"left\",\"link_target\":\"blank\",\"content\":\"Cadastre-se agora\",\"link\":\"https:\\\/\\\/elos.izio.com.br\\\/PortalCliente\\\/\"}}]},{\"type\":\"divider\",\"props\":{\"divider_element\":\"hr\",\"divider_style\":\"small\",\"divider_align\":\"left\",\"divider_align_breakpoint\":\"\",\"divider_align_fallback\":\"\",\"position\":\"\",\"position_z_index\":\"\",\"margin\":\"large\",\"maxwidth\":\"\",\"maxwidth_breakpoint\":\"\",\"block_align\":\"\",\"block_align_breakpoint\":\"\",\"block_align_fallback\":\"\",\"animation\":\"\",\"visibility\":\"\",\"margin_remove_bottom\":true}},{\"type\":\"headline\",\"props\":{\"title_element\":\"h1\",\"title_style\":\"h3\",\"title_decoration\":\"\",\"title_font_family\":\"\",\"title_color\":\"\",\"position\":\"\",\"position_z_index\":\"\",\"margin\":\"\",\"maxwidth\":\"\",\"maxwidth_breakpoint\":\"\",\"block_align\":\"\",\"block_align_breakpoint\":\"\",\"block_align_fallback\":\"\",\"text_align\":\"\",\"text_align_breakpoint\":\"\",\"text_align_fallback\":\"\",\"animation\":\"\",\"visibility\":\"\",\"content\":\"Cadastre sua carteira digital para ganhar cashback:\"}},{\"type\":\"list\",\"props\":{\"show_image\":true,\"show_link\":true,\"image_svg_color\":\"emphasis\",\"image_align\":\"left\",\"image_vertical_align\":true,\"list_style\":\"striped\",\"content_style\":\"\",\"image_border\":\"\",\"icon_color\":\"\",\"link_style\":\"\",\"position\":\"\",\"position_z_index\":\"\",\"margin\":\"\",\"maxwidth\":\"\",\"maxwidth_breakpoint\":\"\",\"block_align\":\"\",\"block_align_breakpoint\":\"\",\"block_align_fallback\":\"\",\"text_align\":\"\",\"text_align_breakpoint\":\"\",\"text_align_fallback\":\"\",\"animation\":\"\",\"visibility\":\"\"},\"children\":[{\"type\":\"list_item\",\"props\":{\"icon_color\":\"\",\"content\":\"\n\n<p><strong>1) <\\\/strong>Para receber cashback n\\u00e3o esque\\u00e7a de conectar sua carteira digital. Para isso basta clicar no bot\\u00e3o CONECTAR no canto inferior da tela.<\\\/p>\"}},{\"type\":\"list_item\",\"props\":{\"icon_color\":\"\",\"content\":\"\n\n<p><strong>2) <\\\/strong>Confira seus dados e insira sua senha com 6 d\\u00edgitos. Essa ser\\u00e1 a senha que voc\\u00ea utilizar\\u00e1 no caixa para pagar suas contas com os cr\\u00e9ditos acumulados.<\\\/p>\"}},{\"type\":\"list_item\",\"props\":{\"icon_color\":\"\",\"content\":\"\n\n<p><strong>3) <\\\/strong>Valide sua conta cashback atrav\\u00e9s do email ou SMS.<\\\/p>\"}},{\"type\":\"list_item\",\"props\":{\"icon_color\":\"\",\"content\":\"\n\n<p><strong>4) <\\\/strong>Parab\\u00e9ns, sua carteira digital est\\u00e1 habilitada!!<\\\/p>\"}}]}]},{\"type\":\"column\",\"props\":{\"image_position\":\"center-center\",\"media_overlay_gradient\":\"\",\"vertical_align\":\"\",\"style\":\"\",\"text_color\":\"\",\"padding\":\"\"},\"children\":[{\"type\":\"panel\",\"props\":{\"link_text\":\"Cadastre-se\",\"title_hover_style\":\"reset\",\"title_element\":\"h3\",\"title_align\":\"top\",\"title_grid_width\":\"1-2\",\"title_grid_breakpoint\":\"m\",\"meta_style\":\"meta\",\"meta_align\":\"below-title\",\"icon_ratio\":4,\"image_align\":\"top\",\"image_grid_width\":\"1-2\",\"image_grid_breakpoint\":\"m\",\"image_svg_color\":\"emphasis\",\"link_style\":\"secondary\",\"margin\":\"default\",\"panel_style\":\"card-secondary\",\"panel_content_padding\":\"\",\"panel_size\":\"\",\"title_style\":\"\",\"title_decoration\":\"\",\"title_font_family\":\"\",\"title_color\":\"\",\"title_grid_column_gap\":\"\",\"title_grid_row_gap\":\"\",\"title_margin\":\"\",\"meta_color\":\"\",\"meta_margin\":\"\",\"content_style\":\"\",\"content_margin\":\"\",\"image_border\":\"\",\"image_box_shadow\":\"\",\"image_box_decoration\":\"\",\"image_transition\":\"\",\"image_hover_box_shadow\":\"\",\"icon_color\":\"\",\"image_grid_column_gap\":\"\",\"image_grid_row_gap\":\"\",\"image_margin\":\"\",\"link_size\":\"\",\"link_margin\":\"medium\",\"position\":\"\",\"position_z_index\":\"\",\"maxwidth\":\"\",\"maxwidth_breakpoint\":\"\",\"block_align\":\"\",\"block_align_breakpoint\":\"\",\"block_align_fallback\":\"\",\"text_align\":\"center\",\"text_align_breakpoint\":\"\",\"text_align_fallback\":\"\",\"animation\":\"\",\"visibility\":\"\",\"image\":\"wp-content\\\/uploads\\\/2020\\\/09\\\/logo-clube-elos-branco-e-colorido.png\",\"link\":\"https:\\\/\\\/elos.izio.com.br\\\/PortalCliente\\\/\",\"link_target\":true,\"title\":\"Programa de vantagens\"}},{\"type\":\"panel\",\"props\":{\"link_text\":\"Read more\",\"title_hover_style\":\"reset\",\"title_element\":\"h3\",\"title_align\":\"top\",\"title_grid_width\":\"1-2\",\"title_grid_breakpoint\":\"m\",\"meta_style\":\"meta\",\"meta_align\":\"below-title\",\"icon_ratio\":4,\"image_align\":\"top\",\"image_grid_width\":\"1-2\",\"image_grid_breakpoint\":\"m\",\"image_svg_color\":\"emphasis\",\"link_style\":\"default\",\"margin\":\"default\",\"panel_style\":\"card-primary\",\"panel_content_padding\":\"\",\"panel_size\":\"\",\"title_style\":\"h1\",\"title_decoration\":\"\",\"title_font_family\":\"\",\"title_color\":\"\",\"title_grid_column_gap\":\"\",\"title_grid_row_gap\":\"\",\"title_margin\":\"\",\"meta_color\":\"\",\"meta_margin\":\"\",\"content_style\":\"\",\"content_margin\":\"\",\"image_border\":\"\",\"image_box_shadow\":\"\",\"image_box_decoration\":\"\",\"image_transition\":\"\",\"image_hover_box_shadow\":\"\",\"icon_color\":\"\",\"image_grid_column_gap\":\"\",\"image_grid_row_gap\":\"\",\"image_margin\":\"\",\"link_size\":\"\",\"link_margin\":\"\",\"position\":\"\",\"position_z_index\":\"\",\"maxwidth\":\"\",\"maxwidth_breakpoint\":\"\",\"block_align\":\"\",\"block_align_breakpoint\":\"\",\"block_align_fallback\":\"\",\"text_align\":\"\",\"text_align_breakpoint\":\"\",\"text_align_fallback\":\"\",\"animation\":\"\",\"visibility\":\"\",\"title\":\"Benef\\u00edcios:\",\"content\":\"\n\n<ul class=\\\"uk-list uk-list-striped uk-list-large\\\">\\n    \n\n<li><span uk-icon=\\\"icon: check\\\"><\\\/span> Participe de promo\\u00e7\\u00f5es exclusivas;<\\\/li>\\n  \n\n<li><span uk-icon=\\\"icon: check\\\"><\\\/span> Receba ofertas do elos pelo portal do cliente, email, sms ou whatsapp antes de todo mundo;<\\\/li>\\n    \n\n<li><span uk-icon=\\\"icon: check\\\"><\\\/span> Receba parte do dinheiro de volta com cashback para utilizar nas pr\\u00f3ximas compras;<\\\/li>\\n    \n\n<li><span uk-icon=\\\"icon: check\\\"><\\\/span> Receba ofertas direcionadas especialmente para voc\\u00ea, com base nas sess\\u00f5es que mais te interessam;<\\\/li>\\n    \n\n<li><span uk-icon=\\\"icon: check\\\"><\\\/span> Participe de sorteios exclusivos para clientes Elos.<\\\/li>\\n<\\\/ul>\"}}]}]}]},{\"type\":\"section\",\"props\":{\"style\":\"muted\",\"width\":\"small\",\"vertical_align\":\"middle\",\"title_position\":\"top-left\",\"title_rotation\":\"left\",\"title_breakpoint\":\"xl\",\"image_position\":\"center-center\",\"text_color\":\"\",\"width_expand\":\"\",\"height\":\"\",\"padding\":\"\",\"header_transparent\":\"\",\"animation\":\"\"},\"children\":[{\"type\":\"row\",\"props\":{\"layout\":\"2-3,1-3\",\"breakpoint\":\"m\",\"fixed_width\":\"large\",\"column_gap\":\"\",\"row_gap\":\"\",\"width\":\"\",\"width_expand\":\"\",\"height\":\"\",\"margin\":\"\"},\"children\":[{\"type\":\"column\",\"props\":{\"image_position\":\"center-center\",\"media_overlay_gradient\":\"\",\"vertical_align\":\"\",\"style\":\"\",\"text_color\":\"\",\"padding\":\"\"},\"children\":[{\"type\":\"headline\",\"props\":{\"title_element\":\"h1\",\"title_style\":\"h1\",\"title_decoration\":\"\",\"title_font_family\":\"\",\"title_color\":\"\",\"position\":\"\",\"position_z_index\":\"\",\"margin\":\"\",\"maxwidth\":\"\",\"maxwidth_breakpoint\":\"\",\"block_align\":\"\",\"block_align_breakpoint\":\"\",\"block_align_fallback\":\"\",\"text_align\":\"\",\"text_align_breakpoint\":\"\",\"text_align_fallback\":\"\",\"animation\":\"\",\"visibility\":\"\",\"content\":\"D\\u00favida? Entre em contato!\"}}]},{\"type\":\"column\",\"props\":{\"image_position\":\"center-center\",\"media_overlay_gradient\":\"\",\"vertical_align\":\"\",\"style\":\"\",\"text_color\":\"\",\"padding\":\"\"},\"children\":[{\"type\":\"button\",\"props\":{\"grid_column_gap\":\"small\",\"grid_row_gap\":\"small\",\"margin\":\"default\",\"button_size\":\"\",\"position\":\"\",\"position_z_index\":\"\",\"maxwidth\":\"\",\"maxwidth_breakpoint\":\"\",\"block_align\":\"\",\"block_align_breakpoint\":\"\",\"block_align_fallback\":\"\",\"text_align\":\"center\",\"text_align_breakpoint\":\"\",\"text_align_fallback\":\"\",\"animation\":\"\",\"visibility\":\"\"},\"children\":[{\"type\":\"button_item\",\"props\":{\"button_style\":\"secondary\",\"icon_align\":\"left\",\"link_target\":\"\",\"content\":\"Mande uma mensagem\",\"link\":\"#\",\"icon\":\"whatsapp\"}}]}]}]}]}],\"version\":\"2.0.8\"} --><\/p>\n","protected":false},"excerpt":{"rendered":"<p>Fa\u00e7a parte do Clube Elos Quer ainda mais ofertas e pre\u00e7os bons? Fa\u00e7a parte do Clube Elos e aproveite benef\u00edcios incr\u00edveis! O grupo Barcelos tem uma novidade pra voc\u00ea: o Clube Elos! Um programa de vantagens totalmente gratuito e exclusivo! Cadastre-se agora e participe! Veja como \u00e9 f\u00e1cil se cadastrar: 1) Acesse e cadastre-se no [&hellip;]<\/p>\n","protected":false},"author":1,"featured_media":0,"parent":0,"menu_order":0,"comment_status":"closed","ping_status":"closed","template":"","meta":{"footnotes":""},"class_list":["post-24","page","type-page","status-publish","hentry"],"_links":{"self":[{"href":"http:\/\/grupobarcelosecia.com.br\/barcelosatacadista.com.br\/wp-json\/wp\/v2\/pages\/24","targetHints":{"allow":["GET"]}}],"collection":[{"href":"http:\/\/grupobarcelosecia.com.br\/barcelosatacadista.com.br\/wp-json\/wp\/v2\/pages"}],"about":[{"href":"http:\/\/grupobarcelosecia.com.br\/barcelosatacadista.com.br\/wp-json\/wp\/v2\/types\/page"}],"author":[{"embeddable":true,"href":"http:\/\/grupobarcelosecia.com.br\/barcelosatacadista.com.br\/wp-json\/wp\/v2\/users\/1"}],"replies":[{"embeddable":true,"href":"http:\/\/grupobarcelosecia.com.br\/barcelosatacadista.com.br\/wp-json\/wp\/v2\/comments?post=24"}],"version-history":[{"count":8,"href":"http:\/\/grupobarcelosecia.com.br\/barcelosatacadista.com.br\/wp-json\/wp\/v2\/pages\/24\/revisions"}],"predecessor-version":[{"id":165,"href":"http:\/\/grupobarcelosecia.com.br\/barcelosatacadista.com.br\/wp-json\/wp\/v2\/pages\/24\/revisions\/165"}],"wp:attachment":[{"href":"http:\/\/grupobarcelosecia.com.br\/barcelosatacadista.com.br\/wp-json\/wp\/v2\/media?parent=24"}],"curies":[{"name":"wp","href":"https:\/\/api.w.org\/{rel}","templated":true}]}}